{"id":1508,"date":"2021-01-07T20:35:08","date_gmt":"2021-01-07T20:35:08","guid":{"rendered":"https:\/\/aliancatransportesba.com.br\/?page_id=1508"},"modified":"2021-01-19T19:32:39","modified_gmt":"2021-01-19T19:32:39","slug":"links","status":"publish","type":"page","link":"https:\/\/aliancatransportesba.com.br\/index.php\/links\/","title":{"rendered":"LINKS"},"content":{"rendered":"\n<p><a href=\"https:\/\/embratur.com.br\/\" target=\"_blank\" rel=\"noreferrer noopener\"><em>EMBRATUR <\/em>&#8211; Ag\u00eancia Brasileira de Promo\u00e7\u00e3o Internacional do Turismo<\/a><\/p>\n\n\n\n<p><a href=\"https:\/\/www.gov.br\/pt-br\" target=\"_blank\" rel=\"noreferrer noopener\">GOVERNO FEDERAL &#8211; Site do Governo do Brasil<\/a><\/p>\n\n\n\n<p><a href=\"http:\/\/www.setur.ba.gov.br\/\" target=\"_blank\" rel=\"noreferrer noopener\"><em>SECRETARIA DE TURISMO<\/em>\u00a0do Governo do Estado da\u00a0<em>Bahia<\/em>.<\/a><\/p>\n\n\n\n<p><a href=\"http:\/\/www.bahia.ba.gov.br\/\" target=\"_blank\" rel=\"noreferrer noopener\">GOVERNO DA BAHIA &#8211; Portal Oficial do Governo da Bahia<\/a><\/p>\n\n\n\n<p><a href=\"http:\/\/www.camacari.ba.gov.br\/\" target=\"_blank\" rel=\"noreferrer noopener\">PREFEITURA DE CAMA\u00c7ARI &#8211; Site Oficial<\/a><\/p>\n","protected":false},"excerpt":{"rendered":"<p>EMBRATUR &#8211; Ag\u00eancia Brasileira de Promo\u00e7\u00e3o Internacional do Turismo GOVERNO FEDERAL &#8211; Site do Governo do Brasil SECRETARIA DE TURISMO\u00a0do Governo do Estado da\u00a0Bahia. GOVERNO DA BAHIA &#8211; Portal Oficial &#8230;<\/p>\n","protected":false},"author":2,"featured_media":0,"parent":0,"menu_order":0,"comment_status":"closed","ping_status":"closed","template":"template-fullwidth.php","meta":{"footnotes":""},"class_list":["post-1508","page","type-page","status-publish","hentry"],"_links":{"self":[{"href":"https:\/\/aliancatransportesba.com.br\/index.php\/wp-json\/wp\/v2\/pages\/1508","targetHints":{"allow":["GET"]}}],"collection":[{"href":"https:\/\/aliancatransportesba.com.br\/index.php\/wp-json\/wp\/v2\/pages"}],"about":[{"href":"https:\/\/aliancatransportesba.com.br\/index.php\/wp-json\/wp\/v2\/types\/page"}],"author":[{"embeddable":true,"href":"https:\/\/aliancatransportesba.com.br\/index.php\/wp-json\/wp\/v2\/users\/2"}],"replies":[{"embeddable":true,"href":"https:\/\/aliancatransportesba.com.br\/index.php\/wp-json\/wp\/v2\/comments?post=1508"}],"version-history":[{"count":3,"href":"https:\/\/aliancatransportesba.com.br\/index.php\/wp-json\/wp\/v2\/pages\/1508\/revisions"}],"predecessor-version":[{"id":1621,"href":"https:\/\/aliancatransportesba.com.br\/index.php\/wp-json\/wp\/v2\/pages\/1508\/revisions\/1621"}],"wp:attachment":[{"href":"https:\/\/aliancatransportesba.com.br\/index.php\/wp-json\/wp\/v2\/media?parent=1508"}],"curies":[{"name":"wp","href":"https:\/\/api.w.org\/{rel}","templated":true}]}}